{"id":22,"date":"2018-04-12T03:29:49","date_gmt":"2018-04-12T03:29:49","guid":{"rendered":"http:\/\/www.canoapalmsociety.com\/?page_id=22"},"modified":"2023-02-27T18:50:23","modified_gmt":"2023-02-27T18:50:23","slug":"home","status":"publish","type":"page","link":"https:\/\/www.canoapalmsociety.com\/es\/","title":{"rendered":"P\u00e1gina principal"},"content":{"rendered":"<p>Bienvenido a la Sociedad de Palmas de Canoa!<\/p>\n<p>omos un grupo de surfistas, residentes y turistas que aman a Canoa, Manabi Ecuador.<\/p>\n<p>Nos gustar\u00eda ver m\u00e1s palmeras, plantas y construcci\u00f3n de bamb\u00fa en nuestro peque\u00f1o pueblo costero. Estamos comprometidos a plantar muchas palmeras m\u00e1s en los pr\u00f3ximos a\u00f1os para recuperar m\u00e1s del toque tropical, sombra, cocos, belleza y cuidado del pueblo de Canoa. Creemos que al plantar juntos con los ni\u00f1os y los moradores de la ciudad, podemos mostrar c\u00f3mo trabajar juntos y la naturaleza puede aumentar el \u00e1nimo cada vez m\u00e1s, cada vez que los \u00e1rboles crezcan \u00a1Y seguimos plantando m\u00e1s! En este momento solo estamos trabajando con palmas de coco, pero agregar\u00e9mos diferentes palmeras a las calles en la parte futura de este proyecto, que comenzar\u00e1 la pr\u00f3xima temporada de lluvias que se acerca.<\/p>\n<p>\u00a1Esperamos que nos ayuden en nuestros esfuerzos!<\/p>\n<p>Echa un vistazo a nuestra campa\u00f1a GoFundMe a trav\u00e9s del siguiente enlace!<\/p>\n<p>Por favor, comparte nuestros enlaces y p\u00e1gina de Facebook para que otros donen una palmera a Canoa. tambi\u00e9n<\/p>\n<p>Contacta con nosotros (Espanol)\u00a0098 720 8039 o info@canoapalmsociety.com<\/p>\n<p><a href=\"http:\/\/www.canoapalmsociety.com\/wp-content\/uploads\/2018\/10\/Screen-Shot-2018-10-02-at-1.18.45-PM.jpg\"><img decoding=\"async\" loading=\"lazy\" class=\"alignnone size-medium wp-image-166\" src=\"http:\/\/www.canoapalmsociety.com\/wp-content\/uploads\/2018\/10\/Screen-Shot-2018-10-02-at-1.18.45-PM-291x300.jpg\" alt=\"\" width=\"291\" height=\"300\" srcset=\"https:\/\/www.canoapalmsociety.com\/wp-content\/uploads\/2018\/10\/Screen-Shot-2018-10-02-at-1.18.45-PM-291x300.jpg 291w, https:\/\/www.canoapalmsociety.com\/wp-content\/uploads\/2018\/10\/Screen-Shot-2018-10-02-at-1.18.45-PM.jpg 527w\" sizes=\"(max-width: 291px) 100vw, 291px\" \/><\/a> <a href=\"http:\/\/www.canoapalmsociety.com\/wp-content\/uploads\/2018\/10\/Screen-Shot-2018-10-02-at-1.18.41-PM.jpg\"><img decoding=\"async\" loading=\"lazy\" class=\"alignnone size-medium wp-image-165\" src=\"http:\/\/www.canoapalmsociety.com\/wp-content\/uploads\/2018\/10\/Screen-Shot-2018-10-02-at-1.18.41-PM-286x300.jpg\" alt=\"\" width=\"286\" height=\"300\" srcset=\"https:\/\/www.canoapalmsociety.com\/wp-content\/uploads\/2018\/10\/Screen-Shot-2018-10-02-at-1.18.41-PM-286x300.jpg 286w, https:\/\/www.canoapalmsociety.com\/wp-content\/uploads\/2018\/10\/Screen-Shot-2018-10-02-at-1.18.41-PM.jpg 525w\" sizes=\"(max-width: 286px) 100vw, 286px\" \/><\/a> <a href=\"http:\/\/www.canoapalmsociety.com\/wp-content\/uploads\/2018\/10\/Screen-Shot-2018-10-02-at-1.18.38-PM.jpg\"><img decoding=\"async\" loading=\"lazy\" class=\"alignnone size-medium wp-image-164\" src=\"http:\/\/www.canoapalmsociety.com\/wp-content\/uploads\/2018\/10\/Screen-Shot-2018-10-02-at-1.18.38-PM-300x292.jpg\" alt=\"\" width=\"300\" height=\"292\" srcset=\"https:\/\/www.canoapalmsociety.com\/wp-content\/uploads\/2018\/10\/Screen-Shot-2018-10-02-at-1.18.38-PM-300x292.jpg 300w, https:\/\/www.canoapalmsociety.com\/wp-content\/uploads\/2018\/10\/Screen-Shot-2018-10-02-at-1.18.38-PM.jpg 580w\" sizes=\"(max-width: 300px) 100vw, 300px\" \/><\/a> <a href=\"http:\/\/www.canoapalmsociety.com\/wp-content\/uploads\/2018\/10\/Screen-Shot-2018-10-02-at-1.18.34-PM.jpg\"><img decoding=\"async\" loading=\"lazy\" class=\"alignnone size-medium wp-image-163\" src=\"http:\/\/www.canoapalmsociety.com\/wp-content\/uploads\/2018\/10\/Screen-Shot-2018-10-02-at-1.18.34-PM-300x298.jpg\" alt=\"\" width=\"300\" height=\"298\" srcset=\"https:\/\/www.canoapalmsociety.com\/wp-content\/uploads\/2018\/10\/Screen-Shot-2018-10-02-at-1.18.34-PM-300x298.jpg 300w, https:\/\/www.canoapalmsociety.com\/wp-content\/uploads\/2018\/10\/Screen-Shot-2018-10-02-at-1.18.34-PM-150x150.jpg 150w, https:\/\/www.canoapalmsociety.com\/wp-content\/uploads\/2018\/10\/Screen-Shot-2018-10-02-at-1.18.34-PM.jpg 572w\" sizes=\"(max-width: 300px) 100vw, 300px\" \/><\/a> <a href=\"http:\/\/www.canoapalmsociety.com\/wp-content\/uploads\/2018\/10\/Screen-Shot-2018-10-02-at-1.18.31-PM.jpg\"><img decoding=\"async\" loading=\"lazy\" class=\"alignnone size-medium wp-image-162\" src=\"http:\/\/www.canoapalmsociety.com\/wp-content\/uploads\/2018\/10\/Screen-Shot-2018-10-02-at-1.18.31-PM-300x300.jpg\" alt=\"\" width=\"300\" height=\"300\" srcset=\"https:\/\/www.canoapalmsociety.com\/wp-content\/uploads\/2018\/10\/Screen-Shot-2018-10-02-at-1.18.31-PM-300x300.jpg 300w, https:\/\/www.canoapalmsociety.com\/wp-content\/uploads\/2018\/10\/Screen-Shot-2018-10-02-at-1.18.31-PM-150x150.jpg 150w, https:\/\/www.canoapalmsociety.com\/wp-content\/uploads\/2018\/10\/Screen-Shot-2018-10-02-at-1.18.31-PM.jpg 582w\" sizes=\"(max-width: 300px) 100vw, 300px\" \/><\/a> <a href=\"http:\/\/www.canoapalmsociety.com\/wp-content\/uploads\/2018\/10\/Screen-Shot-2018-10-02-at-1.18.24-PM.jpg\"><img decoding=\"async\" loading=\"lazy\" class=\"alignnone size-medium wp-image-161\" src=\"http:\/\/www.canoapalmsociety.com\/wp-content\/uploads\/2018\/10\/Screen-Shot-2018-10-02-at-1.18.24-PM-300x300.jpg\" alt=\"\" width=\"300\" height=\"300\" srcset=\"https:\/\/www.canoapalmsociety.com\/wp-content\/uploads\/2018\/10\/Screen-Shot-2018-10-02-at-1.18.24-PM-300x300.jpg 300w, https:\/\/www.canoapalmsociety.com\/wp-content\/uploads\/2018\/10\/Screen-Shot-2018-10-02-at-1.18.24-PM-150x150.jpg 150w, https:\/\/www.canoapalmsociety.com\/wp-content\/uploads\/2018\/10\/Screen-Shot-2018-10-02-at-1.18.24-PM.jpg 555w\" sizes=\"(max-width: 300px) 100vw, 300px\" \/><\/a> <a href=\"http:\/\/www.canoapalmsociety.com\/wp-content\/uploads\/2018\/10\/Screen-Shot-2018-10-02-at-1.18.19-PM.jpg\"><img decoding=\"async\" loading=\"lazy\" class=\"alignnone size-medium wp-image-160\" src=\"http:\/\/www.canoapalmsociety.com\/wp-content\/uploads\/2018\/10\/Screen-Shot-2018-10-02-at-1.18.19-PM-286x300.jpg\" alt=\"\" width=\"286\" height=\"300\" srcset=\"https:\/\/www.canoapalmsociety.com\/wp-content\/uploads\/2018\/10\/Screen-Shot-2018-10-02-at-1.18.19-PM-286x300.jpg 286w, https:\/\/www.canoapalmsociety.com\/wp-content\/uploads\/2018\/10\/Screen-Shot-2018-10-02-at-1.18.19-PM.jpg 522w\" sizes=\"(max-width: 286px) 100vw, 286px\" \/><\/a> <a href=\"http:\/\/www.canoapalmsociety.com\/wp-content\/uploads\/2018\/10\/Screen-Shot-2018-10-02-at-1.17.58-PM.jpg\"><img decoding=\"async\" loading=\"lazy\" class=\"alignnone size-medium wp-image-159\" src=\"http:\/\/www.canoapalmsociety.com\/wp-content\/uploads\/2018\/10\/Screen-Shot-2018-10-02-at-1.17.58-PM-300x294.jpg\" alt=\"\" width=\"300\" height=\"294\" srcset=\"https:\/\/www.canoapalmsociety.com\/wp-content\/uploads\/2018\/10\/Screen-Shot-2018-10-02-at-1.17.58-PM-300x294.jpg 300w, https:\/\/www.canoapalmsociety.com\/wp-content\/uploads\/2018\/10\/Screen-Shot-2018-10-02-at-1.17.58-PM.jpg 597w\" sizes=\"(max-width: 300px) 100vw, 300px\" \/><\/a> <a href=\"http:\/\/www.canoapalmsociety.com\/wp-content\/uploads\/2018\/10\/Screen-Shot-2018-10-02-at-1.18.27-PM.jpg\"><img decoding=\"async\" loading=\"lazy\" class=\"alignnone size-medium wp-image-158\" src=\"http:\/\/www.canoapalmsociety.com\/wp-content\/uploads\/2018\/10\/Screen-Shot-2018-10-02-at-1.18.27-PM-300x286.jpg\" alt=\"\" width=\"300\" height=\"286\" srcset=\"https:\/\/www.canoapalmsociety.com\/wp-content\/uploads\/2018\/10\/Screen-Shot-2018-10-02-at-1.18.27-PM-300x286.jpg 300w, https:\/\/www.canoapalmsociety.com\/wp-content\/uploads\/2018\/10\/Screen-Shot-2018-10-02-at-1.18.27-PM.jpg 594w\" sizes=\"(max-width: 300px) 100vw, 300px\" \/><\/a><\/p>\n<p>&nbsp;<\/p>\n<p><a href=\"https:\/\/www.gofundme.com\/canoapalmsociety\" target=\"_blank\" rel=\"noopener noreferrer\"><img decoding=\"async\" loading=\"lazy\" class=\"aligncenter wp-image-50 size-medium\" src=\"http:\/\/www.canoapalmsociety.com\/wp-content\/uploads\/2018\/04\/gfm_logo_300dpi-1-300x96.jpg\" alt=\"\" width=\"300\" height=\"96\" srcset=\"https:\/\/www.canoapalmsociety.com\/wp-content\/uploads\/2018\/04\/gfm_logo_300dpi-1-300x96.jpg 300w, https:\/\/www.canoapalmsociety.com\/wp-content\/uploads\/2018\/04\/gfm_logo_300dpi-1-768x245.jpg 768w, https:\/\/www.canoapalmsociety.com\/wp-content\/uploads\/2018\/04\/gfm_logo_300dpi-1-1024x327.jpg 1024w, https:\/\/www.canoapalmsociety.com\/wp-content\/uploads\/2018\/04\/gfm_logo_300dpi-1-840x268.jpg 840w\" sizes=\"(max-width: 300px) 100vw, 300px\" \/><\/a><\/p>\n<p>&nbsp;<\/p>\n<p>&nbsp;<\/p>\n<p style=\"text-align: center;\"><a href=\"http:\/\/www.canoapalmsociety.com\/wp-content\/uploads\/2018\/04\/1.jpg\"><img decoding=\"async\" loading=\"lazy\" class=\"alignnone size-medium wp-image-73\" src=\"http:\/\/www.canoapalmsociety.com\/wp-content\/uploads\/2018\/04\/1-169x300.jpg\" alt=\"\" width=\"169\" height=\"300\" srcset=\"https:\/\/www.canoapalmsociety.com\/wp-content\/uploads\/2018\/04\/1-169x300.jpg 169w, https:\/\/www.canoapalmsociety.com\/wp-content\/uploads\/2018\/04\/1-768x1365.jpg 768w, https:\/\/www.canoapalmsociety.com\/wp-content\/uploads\/2018\/04\/1-576x1024.jpg 576w, https:\/\/www.canoapalmsociety.com\/wp-content\/uploads\/2018\/04\/1-840x1493.jpg 840w, https:\/\/www.canoapalmsociety.com\/wp-content\/uploads\/2018\/04\/1.jpg 1000w\" sizes=\"(max-width: 169px) 100vw, 169px\" \/><\/a> <a href=\"http:\/\/www.canoapalmsociety.com\/wp-content\/uploads\/2018\/04\/2.jpg\"><img decoding=\"async\" loading=\"lazy\" class=\"alignnone size-medium wp-image-74\" src=\"http:\/\/www.canoapalmsociety.com\/wp-content\/uploads\/2018\/04\/2-169x300.jpg\" alt=\"\" width=\"169\" height=\"300\" srcset=\"https:\/\/www.canoapalmsociety.com\/wp-content\/uploads\/2018\/04\/2-169x300.jpg 169w, https:\/\/www.canoapalmsociety.com\/wp-content\/uploads\/2018\/04\/2-768x1365.jpg 768w, https:\/\/www.canoapalmsociety.com\/wp-content\/uploads\/2018\/04\/2-576x1024.jpg 576w, https:\/\/www.canoapalmsociety.com\/wp-content\/uploads\/2018\/04\/2-840x1493.jpg 840w, https:\/\/www.canoapalmsociety.com\/wp-content\/uploads\/2018\/04\/2.jpg 1000w\" sizes=\"(max-width: 169px) 100vw, 169px\" \/><\/a> <a href=\"http:\/\/www.canoapalmsociety.com\/wp-content\/uploads\/2018\/04\/3.jpg\"><img decoding=\"async\" loading=\"lazy\" class=\"alignnone size-medium wp-image-75\" src=\"http:\/\/www.canoapalmsociety.com\/wp-content\/uploads\/2018\/04\/3-169x300.jpg\" alt=\"\" width=\"169\" height=\"300\" srcset=\"https:\/\/www.canoapalmsociety.com\/wp-content\/uploads\/2018\/04\/3-169x300.jpg 169w, https:\/\/www.canoapalmsociety.com\/wp-content\/uploads\/2018\/04\/3-768x1365.jpg 768w, https:\/\/www.canoapalmsociety.com\/wp-content\/uploads\/2018\/04\/3-576x1024.jpg 576w, https:\/\/www.canoapalmsociety.com\/wp-content\/uploads\/2018\/04\/3-840x1493.jpg 840w, https:\/\/www.canoapalmsociety.com\/wp-content\/uploads\/2018\/04\/3.jpg 1000w\" sizes=\"(max-width: 169px) 100vw, 169px\" \/><\/a> <a href=\"http:\/\/www.canoapalmsociety.com\/wp-content\/uploads\/2018\/04\/4.jpg\"><img decoding=\"async\" loading=\"lazy\" class=\"alignnone size-medium wp-image-76\" src=\"http:\/\/www.canoapalmsociety.com\/wp-content\/uploads\/2018\/04\/4-169x300.jpg\" alt=\"\" width=\"169\" height=\"300\" srcset=\"https:\/\/www.canoapalmsociety.com\/wp-content\/uploads\/2018\/04\/4-169x300.jpg 169w, https:\/\/www.canoapalmsociety.com\/wp-content\/uploads\/2018\/04\/4-768x1365.jpg 768w, https:\/\/www.canoapalmsociety.com\/wp-content\/uploads\/2018\/04\/4-576x1024.jpg 576w, https:\/\/www.canoapalmsociety.com\/wp-content\/uploads\/2018\/04\/4-840x1493.jpg 840w, https:\/\/www.canoapalmsociety.com\/wp-content\/uploads\/2018\/04\/4.jpg 1000w\" sizes=\"(max-width: 169px) 100vw, 169px\" \/><\/a><\/p>\n","protected":false},"excerpt":{"rendered":"<p>Bienvenido a la Sociedad de Palmas de Canoa! omos un grupo de surfistas, residentes y turistas que aman a Canoa, Manabi Ecuador. Nos gustar\u00eda ver m\u00e1s palmeras, plantas y construcci\u00f3n de bamb\u00fa en nuestro peque\u00f1o pueblo costero. Estamos comprometidos a plantar muchas palmeras m\u00e1s en los pr\u00f3ximos a\u00f1os para recuperar m\u00e1s del toque tropical, sombra,&hellip;<\/p>\n","protected":false},"author":1,"featured_media":0,"parent":0,"menu_order":0,"comment_status":"closed","ping_status":"closed","template":"","meta":[],"translation":{"provider":"WPGlobus","version":"2.10.10","language":"es","enabled_languages":["en","es"],"languages":{"en":{"title":true,"content":true,"excerpt":false},"es":{"title":true,"content":true,"excerpt":false}}},"_links":{"self":[{"href":"https:\/\/www.canoapalmsociety.com\/es\/wp-json\/wp\/v2\/pages\/22"}],"collection":[{"href":"https:\/\/www.canoapalmsociety.com\/es\/wp-json\/wp\/v2\/pages"}],"about":[{"href":"https:\/\/www.canoapalmsociety.com\/es\/wp-json\/wp\/v2\/types\/page"}],"author":[{"embeddable":true,"href":"https:\/\/www.canoapalmsociety.com\/es\/wp-json\/wp\/v2\/users\/1"}],"replies":[{"embeddable":true,"href":"https:\/\/www.canoapalmsociety.com\/es\/wp-json\/wp\/v2\/comments?post=22"}],"version-history":[{"count":9,"href":"https:\/\/www.canoapalmsociety.com\/es\/wp-json\/wp\/v2\/pages\/22\/revisions"}],"predecessor-version":[{"id":193,"href":"https:\/\/www.canoapalmsociety.com\/es\/wp-json\/wp\/v2\/pages\/22\/revisions\/193"}],"wp:attachment":[{"href":"https:\/\/www.canoapalmsociety.com\/es\/wp-json\/wp\/v2\/media?parent=22"}],"curies":[{"name":"wp","href":"https:\/\/api.w.org\/{rel}","templated":true}]}}